{"id":82407,"date":"2022-01-05T11:36:07","date_gmt":"2022-01-05T11:36:07","guid":{"rendered":"https:\/\/www.atlasinformatica.com\/privacy-policy\/"},"modified":"2022-01-05T11:36:11","modified_gmt":"2022-01-05T11:36:11","slug":"privacy-policy","status":"publish","type":"page","link":"https:\/\/www.atlasinformatica.com\/en\/privacy-policy\/","title":{"rendered":"Privacy Policy"},"content":{"rendered":"<section class=\"l-section wpb_row height_custom\"><div class=\"l-section-h i-cf\"><div class=\"g-cols vc_row via_flex valign_top type_default stacking_default\"><div class=\"vc_col-sm-12 wpb_column vc_column_container\"><div class=\"vc_column-inner\"><div class=\"wpb_wrapper\"><div class=\"wpb_text_column\"><div class=\"wpb_wrapper\"><p>La privacidad es de gran importancia para ATLAS INFORMATICA SL y queremos mantener una actitud abierta y transparente al tratar sus datos personales. Por lo tanto, disponemos de una pol\u00edtica que establece c\u00f3mo se tratan y protegen sus datos personales.<\/p>\n<h3 class=\"wp-block-heading\"><b>\u00bfQui\u00e9n es el responsable del tratamiento de sus datos?<\/b><\/h3>\n<p>ATLAS INFORMATICA SL CIF: B92492032<\/p>\n<p>Domicilio social: CALLE PUNTA ALTA N\u00ba 33 POL IND SAN LUIS, MALAGA, (MALAGA), C.P. 29006.<\/p>\n<p>Correo electr\u00f3nico de contacto: LOPD@ATLASINFORMATICA.COM<\/p>\n<h3><b>\u00bfCon qu\u00e9 finalidad tratamos sus datos personales?<\/b><\/h3>\n<p>En ATLAS INFORMATICA SL tratamos la informaci\u00f3n que nos facilitan las personas interesadas con el fin de realizar la gesti\u00f3n administrativa, contable y fiscal de los servicios solicitados, as\u00ed como enviar comunicaciones comerciales sobre nuestros productos y servicios, para cuyo consentimiento usted haya prestado.<\/p>\n<h3><b>\u00bfPor cu\u00e1nto tiempo conservaremos sus datos?<\/b><\/h3>\n<p>Los datos se conservar\u00e1n mientras se mantenga la relaci\u00f3n comercial, y en su caso, durante los a\u00f1os necesarios para cumplir con las obligaciones legales que resulte de aplicaci\u00f3n.<\/p>\n<h3><b>\u00bfCu\u00e1l es la legitimaci\u00f3n para el tratamiento de sus datos?<\/b><\/h3>\n<p>Le indicamos la base legal para el tratamiento de sus datos:<\/p>\n<ul>\n<li><b>Ejecuci\u00f3n de un contrato<\/b>: Prestaci\u00f3n de los servicios solicitados<\/li>\n<li><b>Consentimiento del interesado<\/b>: Env\u00edo de comunicaciones comerciales<\/li>\n<\/ul>\n<h3><b>\u00bfA qu\u00e9 destinatarios se comunicar\u00e1n sus datos?<\/b><\/h3>\n<p>Unicamente se ceder\u00e1n sus datos para dar cumplimiento a obligaciones legales.<\/p>\n<h3><b>Transferencias de datos a terceros pa\u00edses<\/b><\/h3>\n<p>No est\u00e1n previstas transferencias de datos a terceros pa\u00edses.<\/p>\n<h3><b>\u00bfCu\u00e1les son sus derechos cuando nos facilita sus datos?<\/b><\/h3>\n<p>Cualquier persona tiene derecho a obtener confirmaci\u00f3n sobre si en ATLAS INFORMATICA SL estamos tratando datos personales que les conciernan, o no.<\/p>\n<p>Las personas interesadas tienen derecho a acceder a sus datos personales, as\u00ed como a solicitar la rectificaci\u00f3n de los datos inexactos o, en su caso, solicitar su supresi\u00f3n cuando, entre otros motivos, los datos ya no sea necesarios para los fines que fueron recogidos.<\/p>\n<p>En determinadas circunstancias, los interesados podr\u00e1n solicitar la limitaci\u00f3n del tratamiento de sus datos, en cuyo caso \u00fanicamente los conservaremos para el ejercicio o la defensa de reclamaciones.<\/p>\n<p>En determinadas circunstancias y por motivos relacionados con su situaci\u00f3n particular, los interesados podr\u00e1n oponerse al tratamiento de sus datos. En este caso, ATLAS INFORMATICA SL dejar\u00e1 de tratar los datos, salvo por motivos leg\u00edtimos imperiosos, o el ejercicio o la defensa de posibles reclamaciones.<\/p>\n<p>Podr\u00e1 ejercitar materialmente sus derechos de la siguiente forma: dirigi\u00e9ndose a la direcci\u00f3n de correo electr\u00f3nico del responsable del tratamiento rese\u00f1ado anteriormente adjuntando copia de su DNI o documento de identidad.<\/p>\n<p>Si ha otorgado su consentimiento para alguna finalidad concreta, tiene derecho a retirar el consentimiento otorgado en cualquier momento, sin que ello afecte a la licitud del tratamiento basado en el consentimiento previo a su retirada.<\/p>\n<p>En caso de que sienta vulnerados sus derechos en lo concerniente a la protecci\u00f3n de sus datos personales, especialmente cuando no haya obtenido satisfacci\u00f3n en el ejercicio de sus derechos, puede presentar una reclamaci\u00f3n ante la Autoridad de Control en materia de Protecci\u00f3n de Datos competente a trav\u00e9s de su sitio web: www.aepd.es<\/p>\n<h3><b>\u00bfC\u00f3mo hemos obtenido sus datos?<\/b><\/h3>\n<p>Los datos personales que tratamos en ATLAS INFORMATICA SL han sido directamente proporcionados por el interesado.<\/p>\n<p>Las categor\u00edas de datos que se tratan son:<\/p>\n<ul>\n<li>Datos identificativos<\/li>\n<li>Direcciones postales y electr\u00f3nicas<\/li>\n<li>Informaci\u00f3n comercial<\/li>\n<\/ul>\n<h6><small><span style=\"background-color: #00b6da;\"><a href=\"https:\/\/www.atlasinformatica.com\/\"><span style=\"color: #fff;\">\u00a0&lt;&lt; VOLVER A <strong>INICIO<\/strong>\u00a0<\/span><\/a><\/span><\/small><\/h6>\n<\/div><\/div><\/div><\/div><\/div><\/div><\/div><\/section>","protected":false},"excerpt":{"rendered":"La privacidad es de gran importancia para ATLAS INFORMATICA SL y queremos mantener una actitud abierta y transparente al tratar sus datos personales. Por lo tanto, disponemos de una pol\u00edtica que establece c\u00f3mo se tratan y protegen sus datos personales. \u00bfQui\u00e9n es el responsable del tratamiento de sus datos? ATLAS INFORMATICA SL CIF: B92492032 Domicilio...","protected":false},"author":1,"featured_media":0,"parent":0,"menu_order":0,"comment_status":"closed","ping_status":"open","template":"","meta":{"_acf_changed":false,"inline_featured_image":false,"footnotes":""},"class_list":["post-82407","page","type-page","status-publish","hentry"],"acf":[],"yoast_head":"<!-- This site is optimized with the Yoast SEO plugin v23.7 - https:\/\/yoast.com\/wordpress\/plugins\/seo\/ -->\n<title>Privacy Policy - Atlas Inform\u00e1tica<\/title>\n<meta name=\"robots\" content=\"index, follow, max-snippet:-1, max-image-preview:large, max-video-preview:-1\" \/>\n<link rel=\"canonical\" href=\"https:\/\/www.atlasinformatica.com\/en\/privacy-policy\/\" \/>\n<meta property=\"og:locale\" content=\"en_US\" \/>\n<meta property=\"og:type\" content=\"article\" \/>\n<meta property=\"og:title\" content=\"Privacy Policy - Atlas Inform\u00e1tica\" \/>\n<meta property=\"og:url\" content=\"https:\/\/www.atlasinformatica.com\/en\/privacy-policy\/\" \/>\n<meta property=\"og:site_name\" content=\"Atlas Inform\u00e1tica\" \/>\n<meta property=\"article:modified_time\" content=\"2022-01-05T11:36:11+00:00\" \/>\n<meta property=\"og:image\" content=\"https:\/\/www.atlasinformatica.com\/wp-content\/uploads\/2021\/05\/cropped-favicon_512x512.png\" \/>\n\t<meta property=\"og:image:width\" content=\"512\" \/>\n\t<meta property=\"og:image:height\" content=\"512\" \/>\n\t<meta property=\"og:image:type\" content=\"image\/png\" \/>\n<meta name=\"twitter:card\" content=\"summary_large_image\" \/>\n<meta name=\"twitter:label1\" content=\"Est. reading time\" \/>\n\t<meta name=\"twitter:data1\" content=\"3 minutes\" \/>\n<script type=\"application\/ld+json\" class=\"yoast-schema-graph\">{\"@context\":\"https:\/\/schema.org\",\"@graph\":[{\"@type\":\"WebPage\",\"@id\":\"https:\/\/www.atlasinformatica.com\/en\/privacy-policy\/\",\"url\":\"https:\/\/www.atlasinformatica.com\/en\/privacy-policy\/\",\"name\":\"Privacy Policy - Atlas Inform\u00e1tica\",\"isPartOf\":{\"@id\":\"https:\/\/www.atlasinformatica.com\/en\/#website\"},\"datePublished\":\"2022-01-05T11:36:07+00:00\",\"dateModified\":\"2022-01-05T11:36:11+00:00\",\"breadcrumb\":{\"@id\":\"https:\/\/www.atlasinformatica.com\/en\/privacy-policy\/#breadcrumb\"},\"inLanguage\":\"en-US\",\"potentialAction\":[{\"@type\":\"ReadAction\",\"target\":[\"https:\/\/www.atlasinformatica.com\/en\/privacy-policy\/\"]}]},{\"@type\":\"BreadcrumbList\",\"@id\":\"https:\/\/www.atlasinformatica.com\/en\/privacy-policy\/#breadcrumb\",\"itemListElement\":[{\"@type\":\"ListItem\",\"position\":1,\"name\":\"Portada\",\"item\":\"https:\/\/www.atlasinformatica.com\/en\/\"},{\"@type\":\"ListItem\",\"position\":2,\"name\":\"Privacy Policy\"}]},{\"@type\":\"WebSite\",\"@id\":\"https:\/\/www.atlasinformatica.com\/en\/#website\",\"url\":\"https:\/\/www.atlasinformatica.com\/en\/\",\"name\":\"Atlas Inform\u00e1tica\",\"description\":\"Dise\u00f1ando gaming desde 2004\",\"publisher\":{\"@id\":\"https:\/\/www.atlasinformatica.com\/en\/#organization\"},\"potentialAction\":[{\"@type\":\"SearchAction\",\"target\":{\"@type\":\"EntryPoint\",\"urlTemplate\":\"https:\/\/www.atlasinformatica.com\/en\/?s={search_term_string}\"},\"query-input\":{\"@type\":\"PropertyValueSpecification\",\"valueRequired\":true,\"valueName\":\"search_term_string\"}}],\"inLanguage\":\"en-US\"},{\"@type\":\"Organization\",\"@id\":\"https:\/\/www.atlasinformatica.com\/en\/#organization\",\"name\":\"Atlas Inform\u00e1tica\",\"url\":\"https:\/\/www.atlasinformatica.com\/en\/\",\"logo\":{\"@type\":\"ImageObject\",\"inLanguage\":\"en-US\",\"@id\":\"https:\/\/www.atlasinformatica.com\/en\/#\/schema\/logo\/image\/\",\"url\":\"https:\/\/www.atlasinformatica.com\/wp-content\/uploads\/2021\/05\/favicon_512x512.png\",\"contentUrl\":\"https:\/\/www.atlasinformatica.com\/wp-content\/uploads\/2021\/05\/favicon_512x512.png\",\"width\":512,\"height\":426,\"caption\":\"Atlas Inform\u00e1tica\"},\"image\":{\"@id\":\"https:\/\/www.atlasinformatica.com\/en\/#\/schema\/logo\/image\/\"}}]}<\/script>\n<!-- \/ Yoast SEO plugin. -->","yoast_head_json":{"title":"Privacy Policy - Atlas Inform\u00e1tica","robots":{"index":"index","follow":"follow","max-snippet":"max-snippet:-1","max-image-preview":"max-image-preview:large","max-video-preview":"max-video-preview:-1"},"canonical":"https:\/\/www.atlasinformatica.com\/en\/privacy-policy\/","og_locale":"en_US","og_type":"article","og_title":"Privacy Policy - Atlas Inform\u00e1tica","og_url":"https:\/\/www.atlasinformatica.com\/en\/privacy-policy\/","og_site_name":"Atlas Inform\u00e1tica","article_modified_time":"2022-01-05T11:36:11+00:00","og_image":[{"width":512,"height":512,"url":"https:\/\/www.atlasinformatica.com\/wp-content\/uploads\/2021\/05\/cropped-favicon_512x512.png","type":"image\/png"}],"twitter_card":"summary_large_image","twitter_misc":{"Est. reading time":"3 minutes"},"schema":{"@context":"https:\/\/schema.org","@graph":[{"@type":"WebPage","@id":"https:\/\/www.atlasinformatica.com\/en\/privacy-policy\/","url":"https:\/\/www.atlasinformatica.com\/en\/privacy-policy\/","name":"Privacy Policy - Atlas Inform\u00e1tica","isPartOf":{"@id":"https:\/\/www.atlasinformatica.com\/en\/#website"},"datePublished":"2022-01-05T11:36:07+00:00","dateModified":"2022-01-05T11:36:11+00:00","breadcrumb":{"@id":"https:\/\/www.atlasinformatica.com\/en\/privacy-policy\/#breadcrumb"},"inLanguage":"en-US","potentialAction":[{"@type":"ReadAction","target":["https:\/\/www.atlasinformatica.com\/en\/privacy-policy\/"]}]},{"@type":"BreadcrumbList","@id":"https:\/\/www.atlasinformatica.com\/en\/privacy-policy\/#breadcrumb","itemListElement":[{"@type":"ListItem","position":1,"name":"Portada","item":"https:\/\/www.atlasinformatica.com\/en\/"},{"@type":"ListItem","position":2,"name":"Privacy Policy"}]},{"@type":"WebSite","@id":"https:\/\/www.atlasinformatica.com\/en\/#website","url":"https:\/\/www.atlasinformatica.com\/en\/","name":"Atlas Inform\u00e1tica","description":"Dise\u00f1ando gaming desde 2004","publisher":{"@id":"https:\/\/www.atlasinformatica.com\/en\/#organization"},"potentialAction":[{"@type":"SearchAction","target":{"@type":"EntryPoint","urlTemplate":"https:\/\/www.atlasinformatica.com\/en\/?s={search_term_string}"},"query-input":{"@type":"PropertyValueSpecification","valueRequired":true,"valueName":"search_term_string"}}],"inLanguage":"en-US"},{"@type":"Organization","@id":"https:\/\/www.atlasinformatica.com\/en\/#organization","name":"Atlas Inform\u00e1tica","url":"https:\/\/www.atlasinformatica.com\/en\/","logo":{"@type":"ImageObject","inLanguage":"en-US","@id":"https:\/\/www.atlasinformatica.com\/en\/#\/schema\/logo\/image\/","url":"https:\/\/www.atlasinformatica.com\/wp-content\/uploads\/2021\/05\/favicon_512x512.png","contentUrl":"https:\/\/www.atlasinformatica.com\/wp-content\/uploads\/2021\/05\/favicon_512x512.png","width":512,"height":426,"caption":"Atlas Inform\u00e1tica"},"image":{"@id":"https:\/\/www.atlasinformatica.com\/en\/#\/schema\/logo\/image\/"}}]}},"_links":{"self":[{"href":"https:\/\/www.atlasinformatica.com\/en\/wp-json\/wp\/v2\/pages\/82407"}],"collection":[{"href":"https:\/\/www.atlasinformatica.com\/en\/wp-json\/wp\/v2\/pages"}],"about":[{"href":"https:\/\/www.atlasinformatica.com\/en\/wp-json\/wp\/v2\/types\/page"}],"author":[{"embeddable":true,"href":"https:\/\/www.atlasinformatica.com\/en\/wp-json\/wp\/v2\/users\/1"}],"replies":[{"embeddable":true,"href":"https:\/\/www.atlasinformatica.com\/en\/wp-json\/wp\/v2\/comments?post=82407"}],"version-history":[{"count":3,"href":"https:\/\/www.atlasinformatica.com\/en\/wp-json\/wp\/v2\/pages\/82407\/revisions"}],"predecessor-version":[{"id":82410,"href":"https:\/\/www.atlasinformatica.com\/en\/wp-json\/wp\/v2\/pages\/82407\/revisions\/82410"}],"wp:attachment":[{"href":"https:\/\/www.atlasinformatica.com\/en\/wp-json\/wp\/v2\/media?parent=82407"}],"curies":[{"name":"wp","href":"https:\/\/api.w.org\/{rel}","templated":true}]}}